{"id":30,"date":"2021-12-04T12:45:44","date_gmt":"2021-12-04T12:45:44","guid":{"rendered":"https:\/\/wibotech.ch\/?page_id=30"},"modified":"2021-12-08T09:44:46","modified_gmt":"2021-12-08T09:44:46","slug":"colibri-wp","status":"publish","type":"page","link":"https:\/\/wibotech.ch\/","title":{"rendered":"Herzlich Willkommen bei der WI-BO Tech GmbH"},"content":{"rendered":"\n<hr class=\"wp-block-separator is-style-wide\"\/>\n\n\n\n<p><\/p>\n\n\n\n<p>Wir sind Ihr kompetenter Partner f\u00fcr L\u00f6sungsfindung und T\u00e4tigkeiten in folgenden Gebieten:<\/p>\n\n\n\n<ul><li>Angewandte Forschung und Entwicklung von Betriebsmitteln und deren Prozesse<\/li><li>Durchf\u00fchrung von Bildungsveranstaltungen zu Zweck der Weiterbildung in der Bauwirtschaft mit Fokus Holzbau<\/li><li>Beratung und Vermittlung von technischen Produkten und Baustoffe<\/li><li>Erwerb und Ver\u00e4usserung von Immobilien<\/li><li>Immobilienverwaltung<\/li><li>Realisierung von Bauten aller Art als Generalunternehmerin <\/li><li>Ausf\u00fchrung von Bauarbeiten <\/li><li>Planung und Erstellung von Neu- und Umbauten sowie energetische Sanierungen <\/li><\/ul>\n\n\n\n<hr class=\"wp-block-separator is-style-wide\"\/>\n","protected":false},"excerpt":{"rendered":"<p>Wir sind Ihr kompetenter Partner f\u00fcr L\u00f6sungsfindung und T\u00e4tigkeiten in folgenden Gebieten: Angewandte Forschung und Entwicklung von Betriebsmitteln und deren Prozesse Durchf\u00fchrung von Bildungsveranstaltungen zu Zweck der Weiterbildung in der Bauwirtschaft mit Fokus Holzbau Beratung und Vermittlung von technischen Produkten und Baustoffe Erwerb und Ver\u00e4usserung von Immobilien Immobilienverwaltung Realisierung von Bauten aller Art als Generalunternehmerin&#8230;<\/p>\n","protected":false},"author":1,"featured_media":0,"parent":0,"menu_order":0,"comment_status":"closed","ping_status":"closed","template":"page-templates\/full-width-page.php","meta":{"_kad_post_transparent":"","_kad_post_title":"","_kad_post_layout":"","_kad_post_sidebar_id":"","_kad_post_content_style":"","_kad_post_vertical_padding":"","_kad_post_feature":"","_kad_post_feature_position":"","_kad_post_header":false,"_kad_post_footer":false,"footnotes":""},"_links":{"self":[{"href":"https:\/\/wibotech.ch\/index.php?rest_route=\/wp\/v2\/pages\/30"}],"collection":[{"href":"https:\/\/wibotech.ch\/index.php?rest_route=\/wp\/v2\/pages"}],"about":[{"href":"https:\/\/wibotech.ch\/index.php?rest_route=\/wp\/v2\/types\/page"}],"author":[{"embeddable":true,"href":"https:\/\/wibotech.ch\/index.php?rest_route=\/wp\/v2\/users\/1"}],"replies":[{"embeddable":true,"href":"https:\/\/wibotech.ch\/index.php?rest_route=%2Fwp%2Fv2%2Fcomments&post=30"}],"version-history":[{"count":22,"href":"https:\/\/wibotech.ch\/index.php?rest_route=\/wp\/v2\/pages\/30\/revisions"}],"predecessor-version":[{"id":504,"href":"https:\/\/wibotech.ch\/index.php?rest_route=\/wp\/v2\/pages\/30\/revisions\/504"}],"wp:attachment":[{"href":"https:\/\/wibotech.ch\/index.php?rest_route=%2Fwp%2Fv2%2Fmedia&parent=30"}],"curies":[{"name":"wp","href":"https:\/\/api.w.org\/{rel}","templated":true}]}}