{"id":498,"date":"2021-12-08T11:55:38","date_gmt":"2021-12-08T11:55:38","guid":{"rendered":"https:\/\/wibotech.ch\/?page_id=498"},"modified":"2024-03-06T12:46:05","modified_gmt":"2024-03-06T12:46:05","slug":"unsere-partner","status":"publish","type":"page","link":"https:\/\/wibotech.ch\/?page_id=498","title":{"rendered":"Unsere Partner"},"content":{"rendered":"\t\t<div data-elementor-type=\"wp-page\" data-elementor-id=\"498\" class=\"elementor elementor-498\">\n\t\t\t\t<div class=\"elementor-element elementor-element-c002c9c e-flex e-con-boxed e-con e-parent\" data-id=\"c002c9c\" data-element_type=\"container\" data-settings=\"{&quot;content_width&quot;:&quot;boxed&quot;}\" data-core-v316-plus=\"true\">\n\t\t\t\t\t<div class=\"e-con-inner\">\n\t\t<div class=\"elementor-element elementor-element-e2f32d0 e-con-full e-flex e-con e-child\" data-id=\"e2f32d0\" data-element_type=\"container\" data-settings=\"{&quot;content_width&quot;:&quot;full&quot;}\">\n\t\t\t\t<div class=\"elementor-element elementor-element-8104563 elementor-widget elementor-widget-image\" data-id=\"8104563\" data-element_type=\"widget\" data-widget_type=\"image.default\">\n\t\t\t\t<div class=\"elementor-widget-container\">\n\t\t\t<style>\/*! elementor - v3.19.0 - 28-02-2024 *\/\n.elementor-widget-image{text-align:center}.elementor-widget-image a{display:inline-block}.elementor-widget-image a img[src$=\".svg\"]{width:48px}.elementor-widget-image img{vertical-align:middle;display:inline-block}<\/style>\t\t\t\t\t\t\t\t\t\t<img fetchpriority=\"high\" decoding=\"async\" width=\"1024\" height=\"683\" src=\"https:\/\/wibotech.ch\/wp-content\/uploads\/2024\/03\/BT_LOGO_HP-1024x683.png\" class=\"attachment-large size-large wp-image-593\" alt=\"\" srcset=\"https:\/\/wibotech.ch\/wp-content\/uploads\/2024\/03\/BT_LOGO_HP-1024x683.png 1024w, https:\/\/wibotech.ch\/wp-content\/uploads\/2024\/03\/BT_LOGO_HP-300x200.png 300w, https:\/\/wibotech.ch\/wp-content\/uploads\/2024\/03\/BT_LOGO_HP-768x512.png 768w, https:\/\/wibotech.ch\/wp-content\/uploads\/2024\/03\/BT_LOGO_HP-1536x1024.png 1536w, https:\/\/wibotech.ch\/wp-content\/uploads\/2024\/03\/BT_LOGO_HP.png 1948w\" sizes=\"(max-width: 1024px) 100vw, 1024px\" \/>\t\t\t\t\t\t\t\t\t\t\t\t\t<\/div>\n\t\t\t\t<\/div>\n\t\t\t\t<\/div>\n\t\t<div class=\"elementor-element elementor-element-837dfb4 e-con-full e-flex e-con e-child\" data-id=\"837dfb4\" data-element_type=\"container\" data-settings=\"{&quot;content_width&quot;:&quot;full&quot;}\">\n\t\t\t\t<div class=\"elementor-element elementor-element-f0a360a elementor-widget elementor-widget-image\" data-id=\"f0a360a\" data-element_type=\"widget\" data-widget_type=\"image.default\">\n\t\t\t\t<div class=\"elementor-widget-container\">\n\t\t\t\t\t\t\t\t\t\t\t\t\t<img decoding=\"async\" width=\"1024\" height=\"683\" src=\"https:\/\/wibotech.ch\/wp-content\/uploads\/2024\/03\/MFKC_Logo_HP-1024x683.png\" class=\"attachment-large size-large wp-image-590\" alt=\"\" srcset=\"https:\/\/wibotech.ch\/wp-content\/uploads\/2024\/03\/MFKC_Logo_HP-1024x683.png 1024w, https:\/\/wibotech.ch\/wp-content\/uploads\/2024\/03\/MFKC_Logo_HP-300x200.png 300w, https:\/\/wibotech.ch\/wp-content\/uploads\/2024\/03\/MFKC_Logo_HP-768x512.png 768w, https:\/\/wibotech.ch\/wp-content\/uploads\/2024\/03\/MFKC_Logo_HP-1536x1024.png 1536w, https:\/\/wibotech.ch\/wp-content\/uploads\/2024\/03\/MFKC_Logo_HP.png 1948w\" sizes=\"(max-width: 1024px) 100vw, 1024px\" \/>\t\t\t\t\t\t\t\t\t\t\t\t\t<\/div>\n\t\t\t\t<\/div>\n\t\t\t\t<\/div>\n\t\t<div class=\"elementor-element elementor-element-08607ad e-con-full e-flex e-con e-child\" data-id=\"08607ad\" data-element_type=\"container\" data-settings=\"{&quot;content_width&quot;:&quot;full&quot;}\">\n\t\t\t\t<div class=\"elementor-element elementor-element-01a3206 elementor-widget elementor-widget-image\" data-id=\"01a3206\" data-element_type=\"widget\" data-widget_type=\"image.default\">\n\t\t\t\t<div class=\"elementor-widget-container\">\n\t\t\t\t\t\t\t\t\t\t\t\t\t<img decoding=\"async\" width=\"1024\" height=\"683\" src=\"https:\/\/wibotech.ch\/wp-content\/uploads\/2024\/03\/TW_Logo_HP-1024x683.png\" class=\"attachment-large size-large wp-image-591\" alt=\"\" srcset=\"https:\/\/wibotech.ch\/wp-content\/uploads\/2024\/03\/TW_Logo_HP-1024x683.png 1024w, https:\/\/wibotech.ch\/wp-content\/uploads\/2024\/03\/TW_Logo_HP-300x200.png 300w, https:\/\/wibotech.ch\/wp-content\/uploads\/2024\/03\/TW_Logo_HP-768x512.png 768w, https:\/\/wibotech.ch\/wp-content\/uploads\/2024\/03\/TW_Logo_HP-1536x1024.png 1536w, https:\/\/wibotech.ch\/wp-content\/uploads\/2024\/03\/TW_Logo_HP.png 1948w\" sizes=\"(max-width: 1024px) 100vw, 1024px\" \/>\t\t\t\t\t\t\t\t\t\t\t\t\t<\/div>\n\t\t\t\t<\/div>\n\t\t\t\t<\/div>\n\t\t<div class=\"elementor-element elementor-element-f311def e-con-full e-flex e-con e-child\" data-id=\"f311def\" data-element_type=\"container\" data-settings=\"{&quot;content_width&quot;:&quot;full&quot;}\">\n\t\t\t\t<div class=\"elementor-element elementor-element-10907fe elementor-widget elementor-widget-heading\" data-id=\"10907fe\" data-element_type=\"widget\" data-widget_type=\"heading.default\">\n\t\t\t\t<div class=\"elementor-widget-container\">\n\t\t\t<style>\/*! elementor - v3.19.0 - 28-02-2024 *\/\n.elementor-heading-title{padding:0;margin:0;line-height:1}.elementor-widget-heading .elementor-heading-title[class*=elementor-size-]>a{color:inherit;font-size:inherit;line-height:inherit}.elementor-widget-heading .elementor-heading-title.elementor-size-small{font-size:15px}.elementor-widget-heading .elementor-heading-title.elementor-size-medium{font-size:19px}.elementor-widget-heading .elementor-heading-title.elementor-size-large{font-size:29px}.elementor-widget-heading .elementor-heading-title.elementor-size-xl{font-size:39px}.elementor-widget-heading .elementor-heading-title.elementor-size-xxl{font-size:59px}<\/style><h2 class=\"elementor-heading-title elementor-size-default\">BT Treuhand GmbH<\/h2>\t\t<\/div>\n\t\t\t\t<\/div>\n\t\t\t\t<\/div>\n\t\t<div class=\"elementor-element elementor-element-74de4d1 e-con-full e-flex e-con e-child\" data-id=\"74de4d1\" data-element_type=\"container\" data-settings=\"{&quot;content_width&quot;:&quot;full&quot;}\">\n\t\t\t\t<div class=\"elementor-element elementor-element-e7ed9d9 elementor-widget elementor-widget-heading\" data-id=\"e7ed9d9\" data-element_type=\"widget\" data-widget_type=\"heading.default\">\n\t\t\t\t<div class=\"elementor-widget-container\">\n\t\t\t<h2 class=\"elementor-heading-title elementor-size-default\">Modellflug Kompetenz-center Schweiz GmbH<\/h2>\t\t<\/div>\n\t\t\t\t<\/div>\n\t\t\t\t<\/div>\n\t\t<div class=\"elementor-element elementor-element-c5ac128 e-con-full e-flex e-con e-child\" data-id=\"c5ac128\" data-element_type=\"container\" data-settings=\"{&quot;content_width&quot;:&quot;full&quot;}\">\n\t\t\t\t<div class=\"elementor-element elementor-element-a5b3f2b elementor-widget elementor-widget-heading\" data-id=\"a5b3f2b\" data-element_type=\"widget\" data-widget_type=\"heading.default\">\n\t\t\t\t<div class=\"elementor-widget-container\">\n\t\t\t<h2 class=\"elementor-heading-title elementor-size-default\">Techno Wood AG<\/h2>\t\t<\/div>\n\t\t\t\t<\/div>\n\t\t\t\t<\/div>\n\t\t\t\t\t<\/div>\n\t\t\t\t<\/div>\n\t\t<div class=\"elementor-element elementor-element-ea39965 e-flex e-con-boxed e-con e-parent\" data-id=\"ea39965\" data-element_type=\"container\" data-settings=\"{&quot;content_width&quot;:&quot;boxed&quot;}\" data-core-v316-plus=\"true\">\n\t\t\t\t\t<div class=\"e-con-inner\">\n\t\t<div class=\"elementor-element elementor-element-14e0594 e-con-full e-flex e-con e-child\" data-id=\"14e0594\" data-element_type=\"container\" data-settings=\"{&quot;content_width&quot;:&quot;full&quot;}\">\n\t\t\t\t<div class=\"elementor-element elementor-element-62b1513 elementor-widget elementor-widget-text-editor\" data-id=\"62b1513\" data-element_type=\"widget\" data-widget_type=\"text-editor.default\">\n\t\t\t\t<div class=\"elementor-widget-container\">\n\t\t\t<style>\/*! elementor - v3.19.0 - 28-02-2024 *\/\n.elementor-widget-text-editor.elementor-drop-cap-view-stacked .elementor-drop-cap{background-color:#69727d;color:#fff}.elementor-widget-text-editor.elementor-drop-cap-view-framed .elementor-drop-cap{color:#69727d;border:3px solid;background-color:transparent}.elementor-widget-text-editor:not(.elementor-drop-cap-view-default) .elementor-drop-cap{margin-top:8px}.elementor-widget-text-editor:not(.elementor-drop-cap-view-default) .elementor-drop-cap-letter{width:1em;height:1em}.elementor-widget-text-editor .elementor-drop-cap{float:left;text-align:center;line-height:1;font-size:50px}.elementor-widget-text-editor .elementor-drop-cap-letter{display:inline-block}<\/style>\t\t\t\t<p><span style=\"font-size: 14px; text-align: center;\">Mit Erfahrung und Kompetenz stehen wir unseren Mandanten in allen Bereichen des Finanz- und Rechnungswesens und der Steuerberatung<br><\/span><span style=\"font-size: 14px; color: var( --e-global-color-text ); font-family: var( --e-global-typography-text-font-family ), Sans-serif; font-weight: var( --e-global-typography-text-font-weight );\">&nbsp;f\u00fcr kleinere und mittlere Unternehmungen unterst\u00fctzend zur Seite.&nbsp;<\/span><\/p>\t\t\t\t\t\t<\/div>\n\t\t\t\t<\/div>\n\t\t\t\t<\/div>\n\t\t<div class=\"elementor-element elementor-element-b550278 e-con-full e-flex e-con e-child\" data-id=\"b550278\" data-element_type=\"container\" data-settings=\"{&quot;content_width&quot;:&quot;full&quot;}\">\n\t\t\t\t<div class=\"elementor-element elementor-element-bb5834d elementor-widget elementor-widget-text-editor\" data-id=\"bb5834d\" data-element_type=\"widget\" data-widget_type=\"text-editor.default\">\n\t\t\t\t<div class=\"elementor-widget-container\">\n\t\t\t\t\t\t\t<p><span style=\"font-size: 14px; text-align: center;\">Mit langj\u00e4hriger Erfahrung und grossem Maschinenpark fertigen wir spezielle Teile aus verschiedensten Materialen und Verfahren.<\/span><br style=\"font-size: 14px; text-align: center;\"><span style=\"font-size: 14px; text-align: center;\">(Portalfr\u00e4sen, Drehen, Drucken, Plotten, Strahlen,<\/span><br style=\"font-size: 14px; text-align: center;\"><span style=\"font-size: 14px; text-align: center;\">Zeichnen, usw.)<\/span><\/p>\t\t\t\t\t\t<\/div>\n\t\t\t\t<\/div>\n\t\t\t\t<\/div>\n\t\t<div class=\"elementor-element elementor-element-747732f e-con-full e-flex e-con e-child\" data-id=\"747732f\" data-element_type=\"container\" data-settings=\"{&quot;content_width&quot;:&quot;full&quot;}\">\n\t\t\t\t<div class=\"elementor-element elementor-element-4a44a10 elementor-widget elementor-widget-text-editor\" data-id=\"4a44a10\" data-element_type=\"widget\" data-widget_type=\"text-editor.default\">\n\t\t\t\t<div class=\"elementor-widget-container\">\n\t\t\t\t\t\t\t<p><span style=\"font-size: 14px; text-align: center;\">Wir sind ein internationaler Hersteller und Anbieter von Maschinen und Software in der Holzbranche.<\/span><br style=\"font-size: 14px; text-align: center;\"><span style=\"font-size: 14px; text-align: center;\">Unter einem Dach vereinigen wir die folgenden drei Kernkompetenzen:<br><\/span><span style=\"color: var( --e-global-color-text ); font-family: var( --e-global-typography-text-font-family ), Sans-serif; font-weight: var( --e-global-typography-text-font-weight ); font-size: 14px;\">Holz-, Maschinen- und Steuerungsbau<\/span><span style=\"color: var( --e-global-color-text ); font-family: var( --e-global-typography-text-font-family ), Sans-serif; font-weight: var( --e-global-typography-text-font-weight );\">.<\/span><\/p>\t\t\t\t\t\t<\/div>\n\t\t\t\t<\/div>\n\t\t\t\t<\/div>\n\t\t<div class=\"elementor-element elementor-element-eda003a e-con-full e-flex e-con e-child\" data-id=\"eda003a\" data-element_type=\"container\" data-settings=\"{&quot;content_width&quot;:&quot;full&quot;}\">\n\t\t\t\t<div class=\"elementor-element elementor-element-4c34a7d elementor-align-center elementor-widget elementor-widget-button\" data-id=\"4c34a7d\" data-element_type=\"widget\" data-widget_type=\"button.default\">\n\t\t\t\t<div class=\"elementor-widget-container\">\n\t\t\t\t\t<div class=\"elementor-button-wrapper\">\n\t\t\t<a class=\"elementor-button elementor-button-link elementor-size-md\" href=\"https:\/\/bttreuhand.ch\/\">\n\t\t\t\t\t\t<span class=\"elementor-button-content-wrapper\">\n\t\t\t\t\t\t<span class=\"elementor-button-text\">Zur Homepage<\/span>\n\t\t<\/span>\n\t\t\t\t\t<\/a>\n\t\t<\/div>\n\t\t\t\t<\/div>\n\t\t\t\t<\/div>\n\t\t\t\t<\/div>\n\t\t<div class=\"elementor-element elementor-element-4683d3c e-con-full e-flex e-con e-child\" data-id=\"4683d3c\" data-element_type=\"container\" data-settings=\"{&quot;content_width&quot;:&quot;full&quot;}\">\n\t\t\t\t<div class=\"elementor-element elementor-element-07062e1 elementor-align-center elementor-widget elementor-widget-button\" data-id=\"07062e1\" data-element_type=\"widget\" data-widget_type=\"button.default\">\n\t\t\t\t<div class=\"elementor-widget-container\">\n\t\t\t\t\t<div class=\"elementor-button-wrapper\">\n\t\t\t<a class=\"elementor-button elementor-button-link elementor-size-md\" href=\"https:\/\/mfkc.ch\/\">\n\t\t\t\t\t\t<span class=\"elementor-button-content-wrapper\">\n\t\t\t\t\t\t<span class=\"elementor-button-text\">Zur Homepage<\/span>\n\t\t<\/span>\n\t\t\t\t\t<\/a>\n\t\t<\/div>\n\t\t\t\t<\/div>\n\t\t\t\t<\/div>\n\t\t\t\t<\/div>\n\t\t<div class=\"elementor-element elementor-element-f0e9656 e-con-full e-flex e-con e-child\" data-id=\"f0e9656\" data-element_type=\"container\" data-settings=\"{&quot;content_width&quot;:&quot;full&quot;}\">\n\t\t\t\t<div class=\"elementor-element elementor-element-25d0d7a elementor-align-center elementor-widget elementor-widget-button\" data-id=\"25d0d7a\" data-element_type=\"widget\" data-widget_type=\"button.default\">\n\t\t\t\t<div class=\"elementor-widget-container\">\n\t\t\t\t\t<div class=\"elementor-button-wrapper\">\n\t\t\t<a class=\"elementor-button elementor-button-link elementor-size-md\" href=\"https:\/\/www.technowood.swiss\/\">\n\t\t\t\t\t\t<span class=\"elementor-button-content-wrapper\">\n\t\t\t\t\t\t<span class=\"elementor-button-text\">Zur Homepage<\/span>\n\t\t<\/span>\n\t\t\t\t\t<\/a>\n\t\t<\/div>\n\t\t\t\t<\/div>\n\t\t\t\t<\/div>\n\t\t\t\t<\/div>\n\t\t\t\t\t<\/div>\n\t\t\t\t<\/div>\n\t\t<div class=\"elementor-element elementor-element-a073e30 e-flex e-con-boxed e-con e-parent\" data-id=\"a073e30\" data-element_type=\"container\" data-settings=\"{&quot;content_width&quot;:&quot;boxed&quot;}\" data-core-v316-plus=\"true\">\n\t\t\t\t\t<div class=\"e-con-inner\">\n\t\t<div class=\"elementor-element elementor-element-b7bd864 e-con-full e-flex e-con e-child\" data-id=\"b7bd864\" data-element_type=\"container\" data-settings=\"{&quot;content_width&quot;:&quot;full&quot;}\">\n\t\t\t\t<div class=\"elementor-element elementor-element-e00b8fe elementor-widget elementor-widget-image\" data-id=\"e00b8fe\" data-element_type=\"widget\" data-widget_type=\"image.default\">\n\t\t\t\t<div class=\"elementor-widget-container\">\n\t\t\t\t\t\t\t\t\t\t\t\t\t<img loading=\"lazy\" decoding=\"async\" width=\"1024\" height=\"683\" src=\"https:\/\/wibotech.ch\/wp-content\/uploads\/2024\/03\/TS3_Logo_HP-1024x683.png\" class=\"attachment-large size-large wp-image-592\" alt=\"\" srcset=\"https:\/\/wibotech.ch\/wp-content\/uploads\/2024\/03\/TS3_Logo_HP-1024x683.png 1024w, https:\/\/wibotech.ch\/wp-content\/uploads\/2024\/03\/TS3_Logo_HP-300x200.png 300w, https:\/\/wibotech.ch\/wp-content\/uploads\/2024\/03\/TS3_Logo_HP-768x512.png 768w, https:\/\/wibotech.ch\/wp-content\/uploads\/2024\/03\/TS3_Logo_HP-1536x1024.png 1536w, https:\/\/wibotech.ch\/wp-content\/uploads\/2024\/03\/TS3_Logo_HP.png 1948w\" sizes=\"(max-width: 1024px) 100vw, 1024px\" \/>\t\t\t\t\t\t\t\t\t\t\t\t\t<\/div>\n\t\t\t\t<\/div>\n\t\t\t\t<\/div>\n\t\t<div class=\"elementor-element elementor-element-7895b05 e-con-full e-flex e-con e-child\" data-id=\"7895b05\" data-element_type=\"container\" data-settings=\"{&quot;content_width&quot;:&quot;full&quot;}\">\n\t\t\t\t<\/div>\n\t\t<div class=\"elementor-element elementor-element-e9a428b e-con-full e-flex e-con e-child\" data-id=\"e9a428b\" data-element_type=\"container\" data-settings=\"{&quot;content_width&quot;:&quot;full&quot;}\">\n\t\t\t\t<\/div>\n\t\t<div class=\"elementor-element elementor-element-883c958 e-con-full e-flex e-con e-child\" data-id=\"883c958\" data-element_type=\"container\" data-settings=\"{&quot;content_width&quot;:&quot;full&quot;}\">\n\t\t\t\t<div class=\"elementor-element elementor-element-22092a1 elementor-widget elementor-widget-heading\" data-id=\"22092a1\" data-element_type=\"widget\" data-widget_type=\"heading.default\">\n\t\t\t\t<div class=\"elementor-widget-container\">\n\t\t\t<h2 class=\"elementor-heading-title elementor-size-default\">Timber Structures 3.0<\/h2>\t\t<\/div>\n\t\t\t\t<\/div>\n\t\t\t\t<\/div>\n\t\t<div class=\"elementor-element elementor-element-4e1ba9e e-con-full e-flex e-con e-child\" data-id=\"4e1ba9e\" data-element_type=\"container\" data-settings=\"{&quot;content_width&quot;:&quot;full&quot;}\">\n\t\t\t\t<\/div>\n\t\t<div class=\"elementor-element elementor-element-3d9718d e-con-full e-flex e-con e-child\" data-id=\"3d9718d\" data-element_type=\"container\" data-settings=\"{&quot;content_width&quot;:&quot;full&quot;}\">\n\t\t\t\t<\/div>\n\t\t\t\t\t<\/div>\n\t\t\t\t<\/div>\n\t\t<div class=\"elementor-element elementor-element-cceae55 e-flex e-con-boxed e-con e-parent\" data-id=\"cceae55\" data-element_type=\"container\" data-settings=\"{&quot;content_width&quot;:&quot;boxed&quot;}\" data-core-v316-plus=\"true\">\n\t\t\t\t\t<div class=\"e-con-inner\">\n\t\t<div class=\"elementor-element elementor-element-89021bc e-con-full e-flex e-con e-child\" data-id=\"89021bc\" data-element_type=\"container\" data-settings=\"{&quot;content_width&quot;:&quot;full&quot;}\">\n\t\t\t\t<div class=\"elementor-element elementor-element-63d2b36 elementor-widget elementor-widget-text-editor\" data-id=\"63d2b36\" data-element_type=\"widget\" data-widget_type=\"text-editor.default\">\n\t\t\t\t<div class=\"elementor-widget-container\">\n\t\t\t\t\t\t\t<p><span style=\"font-size: 14px; text-align: center;\">Die neuartige Timber Structures 3.0-Technologie (TS3) verklebt Holzbauteile aus Voll-, Brettschicht- oder Brettsperrholz stirnseitig. Dies er\u00f6ffnet konstruktive und gestalterische Welten, die bisher f\u00fcr den Holzbau nicht zug\u00e4nglich waren.<\/span><\/p>\t\t\t\t\t\t<\/div>\n\t\t\t\t<\/div>\n\t\t\t\t<\/div>\n\t\t<div class=\"elementor-element elementor-element-e485154 e-con-full e-flex e-con e-child\" data-id=\"e485154\" data-element_type=\"container\" data-settings=\"{&quot;content_width&quot;:&quot;full&quot;}\">\n\t\t\t\t<\/div>\n\t\t<div class=\"elementor-element elementor-element-c621355 e-con-full e-flex e-con e-child\" data-id=\"c621355\" data-element_type=\"container\" data-settings=\"{&quot;content_width&quot;:&quot;full&quot;}\">\n\t\t\t\t<\/div>\n\t\t<div class=\"elementor-element elementor-element-1ab84e7 e-con-full e-flex e-con e-child\" data-id=\"1ab84e7\" data-element_type=\"container\" data-settings=\"{&quot;content_width&quot;:&quot;full&quot;}\">\n\t\t\t\t<div class=\"elementor-element elementor-element-3abb8c9 elementor-align-center elementor-widget elementor-widget-button\" data-id=\"3abb8c9\" data-element_type=\"widget\" data-widget_type=\"button.default\">\n\t\t\t\t<div class=\"elementor-widget-container\">\n\t\t\t\t\t<div class=\"elementor-button-wrapper\">\n\t\t\t<a class=\"elementor-button elementor-button-link elementor-size-md\" href=\"https:\/\/www.ts3.biz\/de\/\">\n\t\t\t\t\t\t<span class=\"elementor-button-content-wrapper\">\n\t\t\t\t\t\t<span class=\"elementor-button-text\">Zur Homepage<\/span>\n\t\t<\/span>\n\t\t\t\t\t<\/a>\n\t\t<\/div>\n\t\t\t\t<\/div>\n\t\t\t\t<\/div>\n\t\t\t\t<\/div>\n\t\t<div class=\"elementor-element elementor-element-33eb35d e-con-full e-flex e-con e-child\" data-id=\"33eb35d\" data-element_type=\"container\" data-settings=\"{&quot;content_width&quot;:&quot;full&quot;}\">\n\t\t\t\t<\/div>\n\t\t<div class=\"elementor-element elementor-element-d2f192a e-con-full e-flex e-con e-child\" data-id=\"d2f192a\" data-element_type=\"container\" data-settings=\"{&quot;content_width&quot;:&quot;full&quot;}\">\n\t\t\t\t<\/div>\n\t\t\t\t\t<\/div>\n\t\t\t\t<\/div>\n\t\t\t\t<\/div>\n\t\t","protected":false},"excerpt":{"rendered":"<p>BT Treuhand GmbH Modellflug Kompetenz-center Schweiz GmbH Techno Wood AG Mit Erfahrung und Kompetenz stehen wir unseren Mandanten in allen Bereichen des Finanz- und Rechnungswesens und der Steuerberatung&nbsp;f\u00fcr kleinere und mittlere Unternehmungen unterst\u00fctzend zur Seite.&nbsp; Mit langj\u00e4hriger Erfahrung und grossem Maschinenpark fertigen wir spezielle Teile aus verschiedensten Materialen und Verfahren.(Portalfr\u00e4sen, Drehen, Drucken, Plotten, Strahlen,Zeichnen, usw.)&#8230;<\/p>\n","protected":false},"author":1,"featured_media":0,"parent":0,"menu_order":0,"comment_status":"closed","ping_status":"closed","template":"","meta":{"_kad_post_transparent":"","_kad_post_title":"","_kad_post_layout":"","_kad_post_sidebar_id":"","_kad_post_content_style":"","_kad_post_vertical_padding":"","_kad_post_feature":"","_kad_post_feature_position":"","_kad_post_header":false,"_kad_post_footer":false,"footnotes":""},"_links":{"self":[{"href":"https:\/\/wibotech.ch\/index.php?rest_route=\/wp\/v2\/pages\/498"}],"collection":[{"href":"https:\/\/wibotech.ch\/index.php?rest_route=\/wp\/v2\/pages"}],"about":[{"href":"https:\/\/wibotech.ch\/index.php?rest_route=\/wp\/v2\/types\/page"}],"author":[{"embeddable":true,"href":"https:\/\/wibotech.ch\/index.php?rest_route=\/wp\/v2\/users\/1"}],"replies":[{"embeddable":true,"href":"https:\/\/wibotech.ch\/index.php?rest_route=%2Fwp%2Fv2%2Fcomments&post=498"}],"version-history":[{"count":26,"href":"https:\/\/wibotech.ch\/index.php?rest_route=\/wp\/v2\/pages\/498\/revisions"}],"predecessor-version":[{"id":600,"href":"https:\/\/wibotech.ch\/index.php?rest_route=\/wp\/v2\/pages\/498\/revisions\/600"}],"wp:attachment":[{"href":"https:\/\/wibotech.ch\/index.php?rest_route=%2Fwp%2Fv2%2Fmedia&parent=498"}],"curies":[{"name":"wp","href":"https:\/\/api.w.org\/{rel}","templated":true}]}}