{"id":575,"date":"2022-10-31T10:41:52","date_gmt":"2022-10-31T10:41:52","guid":{"rendered":"https:\/\/wibotech.ch\/?page_id=575"},"modified":"2022-10-31T10:44:42","modified_gmt":"2022-10-31T10:44:42","slug":"fahrzeugvermietung","status":"publish","type":"page","link":"https:\/\/wibotech.ch\/?page_id=575","title":{"rendered":"Fahrzeugvermietung"},"content":{"rendered":"\n<p><\/p>\n\n\n\n<div class=\"wp-block-columns is-layout-flex wp-container-core-columns-layout-1 wp-block-columns-is-layout-flex\">\n<div class=\"wp-block-column is-layout-flow wp-block-column-is-layout-flow\">\n<figure class=\"wp-block-image size-full\"><img fetchpriority=\"high\" decoding=\"async\" width=\"492\" height=\"440\" src=\"https:\/\/wibotech.ch\/wp-content\/uploads\/2022\/10\/pboxx-pixelboxx-2686.png\" alt=\"\" class=\"wp-image-576\" srcset=\"https:\/\/wibotech.ch\/wp-content\/uploads\/2022\/10\/pboxx-pixelboxx-2686.png 492w, https:\/\/wibotech.ch\/wp-content\/uploads\/2022\/10\/pboxx-pixelboxx-2686-300x268.png 300w\" sizes=\"(max-width: 492px) 100vw, 492px\" \/><\/figure>\n<\/div>\n\n\n\n<div class=\"wp-block-column is-layout-flow wp-block-column-is-layout-flow\">\n<h4 class=\"wp-block-heading\">B\u00f6ckmann Kofferanh\u00e4nger mit Fl\u00fcgelt\u00fcren<\/h4>\n\n\n\n<ul><li>Typ: KT 3015\/27H<\/li><li>Br\u00fcckenmass: L 301cm x B 150 cm x H 202 cm<\/li><li>Gesamtgewicht: 2700 kg<\/li><li>Nutzlast: 2080 kg<\/li><li>Leergewicht: 620 kg<\/li><li>Zul\u00e4ssige Lasten: <br>1. Achse 1350 kg<br>2. Achse 1350 kg<br>Doppelachse 2700 kg<br>Deichsellast 120 kg<\/li><li>Zurr\u00f6sen auf Boden: 6 stk. (250 dN)<\/li><li><strong>Um den Anh\u00e4nger zu verwenden wird die F\u00fchrerpr\u00fcfung BE<br>zwingend ben\u00f6tigt<\/strong><\/li><\/ul>\n<\/div>\n<\/div>\n\n\n\n<h4 class=\"wp-block-heading\">Mietpreise<\/h4>\n\n\n\n<figure class=\"wp-block-table is-style-stripes\" style=\"font-size:15px\"><table class=\"has-theme-palette-3-color has-text-color\"><tbody><tr><td>1 Tag (24h)<\/td><td>075.00 CHF inkl. 7.7% MwSt<\/td><\/tr><tr><td>1 Woche (7 Tage)<\/td><td>280.00 CHF inkl. 7.7% MwSt<\/td><\/tr><tr><td>2 Wochen (14 Tage)<\/td><td>450.00 CHF inkl. 7.7% MwSt<\/td><\/tr><tr><td>3 Wochen (21 Tage)<\/td><td>600.00 CHF inkl. 7.7% MwSt<\/td><\/tr><tr><td>1 Monat (28 \/ 30 \/ 31 Tage je nach Monat)<\/td><td>700.00 CHF inkl. 7.7% MwSt<\/td><\/tr><\/tbody><\/table><\/figure>\n\n\n\n<p>Die Mietpreise verstehen sich inklusive Mehrwertsteuer und Vollkasko-Versicherung.<br>Die Haftpflicht-Versicherung ist \u00fcber das jeweilige Zugfahrzeug gedeckt und bei einem Schadenfall werden 550.00 CHF Selbstbehalt in Rechnung gestellt.<\/p>\n\n\n\n<p><\/p>\n\n\n<style>.wp-block-kadence-advancedbtn.kb-btns_b7f85d-59{gap:var(--global-kb-gap-xs, 0.5rem );justify-content:center;align-items:center;}.kt-btns_b7f85d-59 .kt-button{font-weight:normal;font-style:normal;}.kt-btns_b7f85d-59 .kt-btn-wrap-0{margin-right:5px;}.wp-block-kadence-advancedbtn.kt-btns_b7f85d-59 .kt-btn-wrap-0 .kt-button{color:#555555;border-color:#555555;}.wp-block-kadence-advancedbtn.kt-btns_b7f85d-59 .kt-btn-wrap-0 .kt-button:hover, .wp-block-kadence-advancedbtn.kt-btns_b7f85d-59 .kt-btn-wrap-0 .kt-button:focus{color:#ffffff;border-color:#444444;}.wp-block-kadence-advancedbtn.kt-btns_b7f85d-59 .kt-btn-wrap-0 .kt-button::before{display:none;}.wp-block-kadence-advancedbtn.kt-btns_b7f85d-59 .kt-btn-wrap-0 .kt-button:hover, .wp-block-kadence-advancedbtn.kt-btns_b7f85d-59 .kt-btn-wrap-0 .kt-button:focus{background:#444444;}<\/style>\n<div class=\"wp-block-kadence-advancedbtn kt-btn-align-center kt-btn-tablet-align-inherit kt-btn-mobile-align-inherit kt-btns-wrap kt-btns_b7f85d-59\"><div class=\"kt-btn-wrap kt-btn-wrap-0\"><a class=\"kt-button button kt-btn-0-action kt-btn-size-standard kt-btn-style-basic kt-btn-svg-show-always kt-btn-has-text-true kt-btn-has-svg-false\" href=\"https:\/\/wibotech.ch\/?page_id=215\"><span class=\"kt-btn-inner-text\">Jetzt Anfragen<\/span><\/a><\/div><\/div>\n","protected":false},"excerpt":{"rendered":"<p>B\u00f6ckmann Kofferanh\u00e4nger mit Fl\u00fcgelt\u00fcren Typ: KT 3015\/27H Br\u00fcckenmass: L 301cm x B 150 cm x H 202 cm Gesamtgewicht: 2700 kg Nutzlast: 2080 kg Leergewicht: 620 kg Zul\u00e4ssige Lasten: 1. Achse 1350 kg2. Achse 1350 kgDoppelachse 2700 kgDeichsellast 120 kg Zurr\u00f6sen auf Boden: 6 stk. (250 dN) Um den Anh\u00e4nger zu verwenden wird die F\u00fchrerpr\u00fcfung&#8230;<\/p>\n","protected":false},"author":1,"featured_media":0,"parent":0,"menu_order":0,"comment_status":"closed","ping_status":"closed","template":"","meta":{"_kad_post_transparent":"","_kad_post_title":"","_kad_post_layout":"","_kad_post_sidebar_id":"","_kad_post_content_style":"","_kad_post_vertical_padding":"","_kad_post_feature":"","_kad_post_feature_position":"","_kad_post_header":false,"_kad_post_footer":false,"footnotes":""},"_links":{"self":[{"href":"https:\/\/wibotech.ch\/index.php?rest_route=\/wp\/v2\/pages\/575"}],"collection":[{"href":"https:\/\/wibotech.ch\/index.php?rest_route=\/wp\/v2\/pages"}],"about":[{"href":"https:\/\/wibotech.ch\/index.php?rest_route=\/wp\/v2\/types\/page"}],"author":[{"embeddable":true,"href":"https:\/\/wibotech.ch\/index.php?rest_route=\/wp\/v2\/users\/1"}],"replies":[{"embeddable":true,"href":"https:\/\/wibotech.ch\/index.php?rest_route=%2Fwp%2Fv2%2Fcomments&post=575"}],"version-history":[{"count":3,"href":"https:\/\/wibotech.ch\/index.php?rest_route=\/wp\/v2\/pages\/575\/revisions"}],"predecessor-version":[{"id":581,"href":"https:\/\/wibotech.ch\/index.php?rest_route=\/wp\/v2\/pages\/575\/revisions\/581"}],"wp:attachment":[{"href":"https:\/\/wibotech.ch\/index.php?rest_route=%2Fwp%2Fv2%2Fmedia&parent=575"}],"curies":[{"name":"wp","href":"https:\/\/api.w.org\/{rel}","templated":true}]}}